{"id":2,"date":"2023-05-31T16:49:07","date_gmt":"2023-05-31T14:49:07","guid":{"rendered":"https:\/\/kalinowka.archibial.pl\/?page_id=2"},"modified":"2023-05-31T19:00:51","modified_gmt":"2023-05-31T17:00:51","slug":"przykladowa-strona","status":"publish","type":"page","link":"https:\/\/kalinowka.archibial.pl\/","title":{"rendered":""},"content":{"rendered":"\r\n\r\n\r\n\r\n\r\n<figure class=\"wp-block-image\"><img decoding=\"async\" src=\"https:\/\/archibial.pl\/parafie\/info\/72-sw-anny-kalinowka\/content\/parafie\/big\/72.jpg\" alt=\"Parafia pw. \u015bw. Anny\" \/><\/figure>\r\n\r\n\r\n\r\n<p><strong>Liczba katolik\u00f3w:<\/strong>\u00a02\u00a0100<\/p>\r\n\r\n\r\n\r\n<p><strong>Do parafii nale\u017c\u0105:<\/strong><\/p>\r\n\r\n\r\n\r\n<p align=justify><em>miejscowo\u015bci:<\/em>\u00a0Kalin\u00f3wka Ko\u015bcielna, Bagno 7\u00a0km, Dudki 4\u00a0km, Guzy 2\u00a0km, Jaskra 5\u00a0km, Kalin\u00f3wka Kr\u00f3lewska 3\u00a0km, Kropiwnica 2\u00a0km, Ogrodniki 1\u00a0km, Sikory 4\u00a0km, Starowola 5\u00a0km, Szpakowo 8\u00a0km, Wa\u015bki 4\u00a0km, W\u00f3jtowce 1\u00a0km.<br \/><br \/><strong>Rys historyczny<\/strong>:<br \/>Fundatorem parafii w\u00a0Kalin\u00f3wce by\u0142 Miko\u0142aj Radziwi\u0142\u0142, wojewoda wile\u0144ski i\u00a0kanclerz Wielkiego Ksi\u0119stwa Litewskiego. Dnia 27\u00a0kwietnia 1511 r. w\u00a0Goni\u0105dzu wystawi\u0142 on\u00a0dokument uposa\u017caj\u0105cy parafi\u0119 pw. Tr\u00f3jcy \u015awi\u0119tej, Niepokalanego Pocz\u0119cia NMP, \u015bw. Anny, \u015b\u015b. Miko\u0142aja i\u00a0Leonarda oraz Wszystkich \u015awi\u0119tych. Zbudowa\u0142 tak\u017ce pierwsz\u0105 drewnian\u0105 \u015bwi\u0105tyni\u0119 w\u00a0Kalin\u00f3wce, a\u00a0do jej obs\u0142ugi wyznaczy\u0142 ks. Jakuba z\u00a0Majek Tykiewki. W\u00a01534 r. fundacj\u0119 powi\u0119kszy\u0142 kr\u00f3l Zygmunt II\u00a0August. Kanonicznej erekcji parafii dokona\u0142 bp\u00a0wile\u0144ski Jan z\u00a0Ksi\u0105\u017c\u0105t Litewskich dyplomem z\u00a014 stycznia 1534 r.<br \/>W najstarszym ko\u015bciele kalinowskim znajdowa\u0142y si\u0119 trzy du\u017ce o\u0142tarze i\u00a0jeden mniejszy, po\u015bwi\u0119cony Naj\u015bwi\u0119tszej Maryi Pannie. \u015aciany wewn\u0105trz ko\u015bcio\u0142a by\u0142y polichromowane, zdobi\u0142a go\u00a0tak\u017ce rze\u017abiona i\u00a0malowana ambona fundacji proboszcza, ks. J\u00f3zefa Szczyka. Budynek przetrwa\u0142 prawdopodobnie do\u00a0po\u0142owy XVII w. Po\u00a0wojnach ze\u00a0Szwecj\u0105 i\u00a0Moskw\u0105 proboszcz Jan Pawi\u0144ski (1661-1668) odbudowa\u0142 ko\u015bci\u00f3\u0142 w\u00a0Kalin\u00f3wce oraz kaplic\u0119 filialn\u0105 w\u00a0Brzozowej.<br \/>Dnia 17\u00a0sierpnia 1761 r. kalinowska \u015bwi\u0105tynia sp\u0142on\u0119\u0142a razem z\u00a0archiwum i\u00a0plebani\u0105. Budow\u0119 nowej z\u00a0drewna modrzewiowego rozpocz\u0105\u0142 kanonik inflancki i\u00a0proboszcz kalinowski, ks. Adam \u015awierzbi\u0144ski. Budowl\u0119 uko\u0144czono w\u00a01776 r., a\u00a05 pa\u017adziernika 1777 r. konsekrowa\u0142 j\u0105\u00a0bp Jan Szyjkowski, sufragan \u0142ucki. Ko\u015bci\u00f3\u0142 ten s\u0142u\u017cy wiernym do\u00a0dnia dzisiejszego i\u00a0jest cennym zabytkiem architektury drewnianej na\u00a0Podlasiu (wpisanym do\u00a0rejestru zabytk\u00f3w w\u00a01964 r.). W\u00a0latach 70. XVIII w. proboszcz, ks. Walenty Klimaszewski odnowi\u0142 gospodarstwo pleba\u0144skie, wzni\u00f3s\u0142 tak\u017ce now\u0105 plebani\u0119 i\u00a0zachowany do\u00a0naszych czas\u00f3w lamus (wpisany do\u00a0rejestru zabytk\u00f3w w\u00a01958 r.).<br \/>Ko\u015bci\u00f3\u0142 parafialny przeszed\u0142 gruntowny remont w\u00a0latach 80. XIX w., w\u00a0trakcie kt\u00f3rego m.in. odrestaurowano o\u0142tarz g\u0142\u00f3wny i\u00a0ufundowano nowe organy. W\u00a0latach 1911-1914 parafianie kalinowscy starali si\u0119 o\u00a0budow\u0119 wi\u0119kszej, murowanej \u015bwi\u0105tyni. Przedsi\u0119wzi\u0119cia nie zrealizowano z\u00a0powodu wybuchu wojny. Pr\u00f3by podejmowane w\u00a0p\u00f3\u017aniejszym okresie r\u00f3wnie\u017c zako\u0144czy\u0142y si\u0119 niepowodzeniem. Zabudowa parafialna nie ucierpia\u0142a mocno w\u00a0trakcie II\u00a0wojny \u015bwiatowej.<br \/>W 1974 r. wn\u0119trze ko\u015bcio\u0142a pomalowa\u0142 malarz Stanis\u0142aw D\u0142ugozima. Rok p\u00f3\u017aniej przeprowadzono konserwacj\u0119 o\u0142tarza g\u0142\u00f3wnego i\u00a0wykonano now\u0105 chrzcielnic\u0119. W\u00a0latach 1979-1784 drewniana plebania pochodz\u0105ca z\u00a01840 r. zosta\u0142a rozebrana, a\u00a0w jej miejsce ks. proboszcz Antoni Kruk zbudowa\u0142 murowan\u0105.<br \/>W XX\u00a0w. z\u00a0parafii w\u00a0Kalin\u00f3wce wyodr\u0119bni\u0142a si\u0119, jako samodzielna jednostka parafialna, wcze\u015bniejsza filia w\u00a0Brzozowej. W\u00a01989 r. bp\u00a0Edward Kisiel erygowa\u0142 na\u00a0terenie parafii kalinowskiej kaplic\u0119 w\u00a0Szpakowie, a\u00a0w 1999 r. abp Stanis\u0142aw Szymecki po\u015bwi\u0119ci\u0142 okaza\u0142\u0105 kaplic\u0119 w\u00a0miejscowo\u015bci Bagno. W\u00a02011 r. w\u00a0nowo odrestaurowanej i\u00a0poddanej gruntownej konserwacji \u015bwi\u0105tyni i\u00a0jej otoczeniu parafia \u015bwi\u0119towa\u0142a pi\u0119\u0107setlecie istnienia.<\/p>\r\n\r\n\r\n\r\n<p><strong>Kaplice na\u00a0terenie parafii:<\/strong><\/p>\r\n\r\n\r\n\r\n<ul>\r\n<li>Szpakowo &#8211; kaplica pw. \u015bw. Stanis\u0142awa B.M. Kaplica powsta\u0142a z\u00a0klubu i\u00a0zosta\u0142a po\u015bwi\u0119cona 20\u00a0XI 1989 r. przez bp. Edwarda Kisiela.<\/li>\r\n\r\n\r\n\r\n<li>Bagno &#8211; kaplica pw. Mi\u0142osierdzia Bo\u017cego, po\u015bwi\u0119cona 8\u00a0VIII 1999 r. przez abp. Stanis\u0142awa Szymeckiego.<\/li>\r\n<\/ul>\r\n\r\n\r\n\r\n<p><strong>Cmentarz grzebalny:<\/strong><br \/>400 m\u00a0od ko\u015bcio\u0142a za\u0142o\u017cony wraz z\u00a0parafi\u0105, pow. 3\u00a0ha, powi\u0119kszony w\u00a01964 r.<\/p>\r\n","protected":false},"excerpt":{"rendered":"<p>Liczba katolik\u00f3w:\u00a02\u00a0100 Do parafii nale\u017c\u0105: miejscowo\u015bci:\u00a0Kalin\u00f3wka Ko\u015bcielna, Bagno 7\u00a0km, Dudki 4\u00a0km, Guzy 2\u00a0km, Jaskra 5\u00a0km, Kalin\u00f3wka Kr\u00f3lewska 3\u00a0km, Kropiwnica 2\u00a0km, Ogrodniki 1\u00a0km, Sikory 4\u00a0km, Starowola 5\u00a0km, Szpakowo 8\u00a0km, Wa\u015bki 4\u00a0km, W\u00f3jtowce 1\u00a0km. Rys historyczny:Fundatorem parafii w\u00a0Kalin\u00f3wce by\u0142 Miko\u0142aj Radziwi\u0142\u0142, wojewoda wile\u0144ski i\u00a0kanclerz Wielkiego Ksi\u0119stwa Litewskiego. Dnia 27\u00a0kwietnia 1511 r. w\u00a0Goni\u0105dzu wystawi\u0142 on\u00a0dokument uposa\u017caj\u0105cy parafi\u0119 pw.\u2026 <span class=\"read-more\"><a href=\"https:\/\/kalinowka.archibial.pl\/\">Czytaj dalej &raquo;<\/a><\/span><\/p>\n","protected":false},"author":1,"featured_media":0,"parent":0,"menu_order":0,"comment_status":"closed","ping_status":"open","template":"","meta":[],"_links":{"self":[{"href":"https:\/\/kalinowka.archibial.pl\/index.php\/wp-json\/wp\/v2\/pages\/2"}],"collection":[{"href":"https:\/\/kalinowka.archibial.pl\/index.php\/wp-json\/wp\/v2\/pages"}],"about":[{"href":"https:\/\/kalinowka.archibial.pl\/index.php\/wp-json\/wp\/v2\/types\/page"}],"author":[{"embeddable":true,"href":"https:\/\/kalinowka.archibial.pl\/index.php\/wp-json\/wp\/v2\/users\/1"}],"replies":[{"embeddable":true,"href":"https:\/\/kalinowka.archibial.pl\/index.php\/wp-json\/wp\/v2\/comments?post=2"}],"version-history":[{"count":8,"href":"https:\/\/kalinowka.archibial.pl\/index.php\/wp-json\/wp\/v2\/pages\/2\/revisions"}],"predecessor-version":[{"id":28,"href":"https:\/\/kalinowka.archibial.pl\/index.php\/wp-json\/wp\/v2\/pages\/2\/revisions\/28"}],"wp:attachment":[{"href":"https:\/\/kalinowka.archibial.pl\/index.php\/wp-json\/wp\/v2\/media?parent=2"}],"curies":[{"name":"wp","href":"https:\/\/api.w.org\/{rel}","templated":true}]}}